{"id":19,"date":"2020-06-12T12:11:19","date_gmt":"2020-06-12T12:11:19","guid":{"rendered":"https:\/\/startmybusiness.de\/?page_id=19"},"modified":"2021-05-30T20:09:22","modified_gmt":"2021-05-30T20:09:22","slug":"investoren","status":"publish","type":"page","link":"https:\/\/startmybusiness.de\/en\/investoren\/","title":{"rendered":"Investors"},"content":{"rendered":"<p>[et_pb_section fb_built=&#8221;1&#8243; custom_padding_last_edited=&#8221;on|phone&#8221; _builder_version=&#8221;4.9.4&#8243; background_image=&#8221;https:\/\/startmybusiness.de\/media\/2019\/06\/company-485-1.jpg&#8221; custom_padding=&#8221;164px||164px||true|&#8221; custom_padding_tablet=&#8221;90px||90px||true|false&#8221; custom_padding_phone=&#8221;90px||90px||true|false&#8221; bottom_divider_style=&#8221;slant&#8221; bottom_divider_color=&#8221;#ffffff&#8221; bottom_divider_repeat=&#8221;0x&#8221; bottom_divider_flip=&#8221;vertical&#8221; hover_enabled=&#8221;0&#8243; background_last_edited=&#8221;on|phone&#8221; background_position_phone=&#8221;bottom_left&#8221; sticky_enabled=&#8221;0&#8243;][et_pb_row column_structure=&#8221;1_2,1_2&#8243; use_custom_gutter=&#8221;on&#8221; gutter_width=&#8221;2&#8243; make_equal=&#8221;on&#8221; _builder_version=&#8221;4.9.4&#8243; width=&#8221;90%&#8221; width_tablet=&#8221;90%&#8221; width_phone=&#8221;90%&#8221; width_last_edited=&#8221;on|tablet&#8221; max_width=&#8221;1170px&#8221; max_width_tablet=&#8221;90%&#8221; max_width_phone=&#8221;90%&#8221; max_width_last_edited=&#8221;on|desktop&#8221; custom_margin=&#8221;39px|auto||auto||&#8221; custom_padding=&#8221;0px||110px||false|false&#8221; hover_enabled=&#8221;0&#8243; custom_margin_last_edited=&#8221;on|phone&#8221; custom_margin_phone=&#8221;75px|auto||auto|false|false&#8221; sticky_enabled=&#8221;0&#8243; custom_padding_last_edited=&#8221;on|phone&#8221; custom_padding_phone=&#8221;0px||46px||false|false&#8221;][et_pb_column type=&#8221;1_2&#8243; _builder_version=&#8221;4.4.9&#8243;][\/et_pb_column][et_pb_column type=&#8221;1_2&#8243; _builder_version=&#8221;4.4.9&#8243; custom_padding_tablet=&#8221;|||90px|false|false&#8221; custom_padding_phone=&#8221;|||45px|false|false&#8221; custom_padding_last_edited=&#8221;on|phone&#8221; animation_style=&#8221;slide&#8221; animation_direction=&#8221;right&#8221; animation_duration=&#8221;1500ms&#8221;][et_pb_text _builder_version=&#8221;4.6.4&#8243; header_font=&#8221;Ubuntu|700|||||||&#8221; header_text_align=&#8221;left&#8221; header_text_color=&#8221;#ffffff&#8221; header_font_size=&#8221;53px&#8221; header_line_height=&#8221;1.2em&#8221; header_font_size_tablet=&#8221;50px&#8221; header_font_size_phone=&#8221;30px&#8221; header_font_size_last_edited=&#8221;on|phone&#8221;]<\/p>\n<h1>Z\u00fcnde die Rakete! Mit unseren Investoren.<\/h1>\n<p>[\/et_pb_text][et_pb_text _builder_version=&#8221;4.6.4&#8243; text_font=&#8221;Ubuntu||||||||&#8221; text_text_color=&#8221;#ffffff&#8221; text_font_size=&#8221;15px&#8221; text_line_height=&#8221;1.8em&#8221; custom_margin_tablet=&#8221;-10px||||false|false&#8221; custom_margin_phone=&#8221;-10px||||false|false&#8221; custom_margin_last_edited=&#8221;on|phone&#8221;]<\/p>\n<p>Du bist auf der Suche nach Investoren, die Dich und Dein Business so unterst\u00fctzen, wie Du es brauchst? Ganz gleich, ob als Sparringspartner im Aufbau Deiner Unternehmensstruktur, als Kapitalgeber oder als T\u00fcren\u00f6ffner &#8211; Investoren k\u00f6nnen so viel mehr sein, als nur Geldgeber.<\/p>\n<p>[\/et_pb_text][\/et_pb_column][\/et_pb_row][\/et_pb_section][et_pb_section fb_built=&#8221;1&#8243; _builder_version=&#8221;4.4.9&#8243; custom_padding=&#8221;70px||32px|||&#8221;][et_pb_row column_structure=&#8221;2_5,3_5&#8243; use_custom_gutter=&#8221;on&#8221; gutter_width=&#8221;2&#8243; make_equal=&#8221;on&#8221; _builder_version=&#8221;4.4.9&#8243; width=&#8221;90%&#8221; width_tablet=&#8221;90%&#8221; width_phone=&#8221;90%&#8221; width_last_edited=&#8221;on|tablet&#8221; max_width=&#8221;1170px&#8221; max_width_tablet=&#8221;90%&#8221; max_width_phone=&#8221;90%&#8221; max_width_last_edited=&#8221;on|desktop&#8221; custom_padding=&#8221;0px||0px|||&#8221;][et_pb_column type=&#8221;2_5&#8243; _builder_version=&#8221;4.4.9&#8243; custom_padding=&#8221;40px||||false|false&#8221; animation_style=&#8221;slide&#8221; animation_direction=&#8221;left&#8221; animation_delay=&#8221;500ms&#8221;][et_pb_text _builder_version=&#8221;4.6.4&#8243; header_3_font=&#8221;Ubuntu|700|||||||&#8221; header_3_text_align=&#8221;left&#8221; header_3_text_color=&#8221;#026190&#8243; header_3_font_size=&#8221;33px&#8221; header_3_line_height=&#8221;1.3em&#8221; custom_margin_tablet=&#8221;-10px||||false|false&#8221; custom_margin_phone=&#8221;-10px||||false|false&#8221; custom_margin_last_edited=&#8221;on|phone&#8221; header_3_font_size_tablet=&#8221;&#8221; header_3_font_size_phone=&#8221;30px&#8221; header_3_font_size_last_edited=&#8221;on|phone&#8221;]<\/p>\n<h3>Gemeinsam durchstarten.<\/h3>\n<p>[\/et_pb_text][et_pb_text _builder_version=&#8221;4.6.4&#8243; text_font=&#8221;Ubuntu||||||||&#8221; text_text_color=&#8221;#605151&#8243; text_font_size=&#8221;15px&#8221; text_line_height=&#8221;1.6em&#8221; max_width=&#8221;435px&#8221; module_alignment=&#8221;left&#8221; custom_margin=&#8221;-5px|18px|||false|false&#8221; custom_margin_tablet=&#8221;-15px||||false|false&#8221; custom_margin_phone=&#8221;-15px||||false|false&#8221; custom_margin_last_edited=&#8221;on|phone&#8221;]<\/p>\n<p>Als StartMyBusiness-Mitglied bist Du Teil eines weltweit agierenden Investorennetzwerks. Gemeinsame Gr\u00fcnderworkshops, Events, Patenschaften, Innovationsnetzwerke und Wettbewerbe machen uns zu einer Gr\u00fcnder- und Unternehmenscommunity mit einer Mission: Deutschlands Wirtschaft nach vorne zu bringen. Be a part of it!<\/p>\n<p>[\/et_pb_text][et_pb_button button_url=&#8221;https:\/\/startmybusiness.de\/mitglied-werden\/&#8221; button_text=&#8221;Kostenlos Mitglied werden&#8221; _builder_version=&#8221;4.9.4&#8243; custom_button=&#8221;on&#8221; button_text_size=&#8221;15px&#8221; button_text_color=&#8221;#ffffff&#8221; button_bg_color=&#8221;#282828&#8243; button_border_color=&#8221;#282828&#8243; button_border_radius=&#8221;100px&#8221; button_font=&#8221;Work Sans|600|||||||&#8221; button_icon=&#8221;%%3%%&#8221; button_on_hover=&#8221;off&#8221; custom_margin=&#8221;30px||||false|false&#8221; custom_padding=&#8221;16px|45px|16px|35px|true|false&#8221; locked=&#8221;off&#8221; button_text_color__hover_enabled=&#8221;on|hover&#8221; button_text_color__hover=&#8221;#222222&#8243; button_bg_color__hover_enabled=&#8221;on|hover&#8221; button_bg_color__hover=&#8221;#ffffff&#8221; button_bg_enable_color__hover=&#8221;on&#8221; button_border_color__hover_enabled=&#8221;on|desktop&#8221; button_border_color__hover=&#8221;#ffffff&#8221; button_letter_spacing__hover_enabled=&#8221;on|desktop&#8221; button_letter_spacing__hover=&#8221;0px&#8221;][\/et_pb_button][\/et_pb_column][et_pb_column type=&#8221;3_5&#8243; _builder_version=&#8221;4.4.9&#8243;][et_pb_image src=&#8221;https:\/\/startmybusiness.de\/media\/2019\/06\/company-481-4.jpg&#8221; title_text=&#8221;company-481 (4)&#8221; align=&#8221;right&#8221; _builder_version=&#8221;4.4.9&#8243; max_width=&#8221;470px&#8221; module_alignment=&#8221;right&#8221; border_width_left_tablet=&#8221;&#8221; border_width_left_phone=&#8221;20px&#8221; border_width_left_last_edited=&#8221;on|phone&#8221; border_color_left_tablet=&#8221;&#8221; border_color_left_phone=&#8221;#ffffff&#8221; border_color_left_last_edited=&#8221;on|phone&#8221;][\/et_pb_image][et_pb_image src=&#8221;https:\/\/startmybusiness.de\/media\/2019\/06\/company-481-3.jpg&#8221; title_text=&#8221;company-481 (3)&#8221; _builder_version=&#8221;4.4.9&#8243; z_index=&#8221;179&#8243; max_width=&#8221;350px&#8221; module_alignment=&#8221;left&#8221; custom_margin=&#8221;-390px||||false|false&#8221; custom_margin_tablet=&#8221;-410px||||false|false&#8221; custom_margin_phone=&#8221;-290px||||false|false&#8221; custom_margin_last_edited=&#8221;on|phone&#8221; scroll_vertical_motion_enable=&#8221;on&#8221; scroll_vertical_motion=&#8221;0|50|50|100|0.5|0|-0.5&#8243; scroll_vertical_motion_tablet=&#8221;0|50|50|100|0|0|0&#8243; scroll_vertical_motion_phone=&#8221;0|50|50|100|0|0|0&#8243; scroll_vertical_motion_last_edited=&#8221;on|phone&#8221;][\/et_pb_image][et_pb_image src=&#8221;https:\/\/startmybusiness.de\/media\/2020\/09\/smb-favicon.png&#8221; title_text=&#8221;smb-favicon&#8221; align=&#8221;center&#8221; _builder_version=&#8221;4.6.4&#8243; z_index=&#8221;465&#8243; max_width=&#8221;200px&#8221; custom_margin=&#8221;-120px||||false|false&#8221; custom_margin_tablet=&#8221;&#8221; custom_margin_phone=&#8221;-176px||||false|false&#8221; custom_margin_last_edited=&#8221;on|phone&#8221; scroll_rotating_enable=&#8221;on&#8221;][\/et_pb_image][\/et_pb_column][\/et_pb_row][\/et_pb_section][et_pb_section fb_built=&#8221;1&#8243; _builder_version=&#8221;4.6.4&#8243; custom_padding=&#8221;0px||0px||true|&#8221;][et_pb_row column_structure=&#8221;2_5,3_5&#8243; use_custom_gutter=&#8221;on&#8221; gutter_width=&#8221;1&#8243; make_equal=&#8221;on&#8221; _builder_version=&#8221;4.6.4&#8243; width=&#8221;100%&#8221; max_width=&#8221;100%&#8221; custom_margin=&#8221;|auto|-78px|auto||&#8221; custom_padding=&#8221;36px||36px||true|&#8221; border_width_bottom=&#8221;40px&#8221; border_color_bottom=&#8221;#fa4612&#8243; border_width_bottom_tablet=&#8221;0px&#8221; border_width_bottom_phone=&#8221;0px&#8221; border_width_bottom_last_edited=&#8221;on|phone&#8221;][et_pb_column type=&#8221;2_5&#8243; _builder_version=&#8221;4.6.4&#8243; background_color=&#8221;#026190&#8243; custom_padding=&#8221;18vh|11vh|16vh|11vh|false|true&#8221; custom_padding_tablet=&#8221;100px|50px|100px|50px|false|true&#8221; custom_padding_phone=&#8221;80px|35px|80px|35px|false|true&#8221; custom_padding_last_edited=&#8221;on|phone&#8221; border_width_top=&#8221;40px&#8221; border_color_top=&#8221;#ffffff&#8221; border_width_top_tablet=&#8221;0px&#8221; border_width_top_phone=&#8221;0px&#8221; border_width_top_last_edited=&#8221;on|phone&#8221;][et_pb_text _builder_version=&#8221;4.6.4&#8243; header_4_font=&#8221;Ubuntu|700|||||||&#8221; header_4_text_align=&#8221;left&#8221; header_4_text_color=&#8221;#ffffff&#8221; header_4_font_size=&#8221;40px&#8221; header_4_line_height=&#8221;1.3em&#8221; header_4_font_size_tablet=&#8221;&#8221; header_4_font_size_phone=&#8221;30px&#8221; header_4_font_size_last_edited=&#8221;on|phone&#8221;]<\/p>\n<h4>Investoren finden leicht gemacht!<\/h4>\n<p>[\/et_pb_text][et_pb_text _builder_version=&#8221;4.6.4&#8243; text_font=&#8221;Ubuntu||||||||&#8221; text_text_color=&#8221;#ffffff&#8221; text_font_size=&#8221;16px&#8221; text_line_height=&#8221;1.6em&#8221; custom_margin=&#8221;25px||||false|false&#8221;]<\/p>\n<p>Sichere Dir den Kontakt zu den besten Investoren weltweit! Sobald Du Mitglied von StartMyBusiness bist und im Login Deine Infos zu Deinem Unternehmen hinterlegt hast, arbeitet unsere KI an der Suche nach den passenden Investoren f\u00fcr Dich.\u00a0<\/p>\n<p>[\/et_pb_text][\/et_pb_column][et_pb_column type=&#8221;3_5&#8243; _builder_version=&#8221;4.6.4&#8243; background_image=&#8221;https:\/\/startmybusiness.de\/media\/2020\/06\/Depositphotos_176882424_l-2015.jpg&#8221;][et_pb_divider show_divider=&#8221;off&#8221; _builder_version=&#8221;4.4.9&#8243; custom_padding_tablet=&#8221;30%||30%||true|false&#8221; custom_padding_phone=&#8221;30%||30%||true|false&#8221; custom_padding_last_edited=&#8221;on|phone&#8221;][\/et_pb_divider][\/et_pb_column][\/et_pb_row][\/et_pb_section]<\/p>\n","protected":false},"excerpt":{"rendered":"<p>Z\u00fcnde die Rakete! Mit unseren Investoren.Du bist auf der Suche nach Investoren, die Dich und Dein Business so unterst\u00fctzen, wie Du es brauchst? Ganz gleich, ob als Sparringspartner im Aufbau Deiner Unternehmensstruktur, als Kapitalgeber oder als T\u00fcren\u00f6ffner &#8211; Investoren k\u00f6nnen so viel mehr sein, als nur Geldgeber.Gemeinsam durchstarten.Als StartMyBusiness-Mitglied bist Du Teil eines weltweit agierenden [&hellip;]<\/p>\n","protected":false},"author":1,"featured_media":0,"parent":0,"menu_order":0,"comment_status":"closed","ping_status":"closed","template":"","meta":{"_et_pb_use_builder":"on","_et_pb_old_content":"","_et_gb_content_width":"","footnotes":""},"dipi_cpt_category":[],"class_list":["post-19","page","type-page","status-publish","hentry"],"yoast_head":"<!-- This site is optimized with the Yoast SEO plugin v27.4 - https:\/\/yoast.com\/product\/yoast-seo-wordpress\/ -->\n<title>Investoren - Startmybusiness. Die Plattform f\u00fcr Gr\u00fcnder &amp; Investoren.<\/title>\n<meta name=\"robots\" content=\"index, follow, max-snippet:-1, max-image-preview:large, max-video-preview:-1\" \/>\n<link rel=\"canonical\" href=\"https:\/\/startmybusiness.de\/en\/investoren\/\" \/>\n<meta property=\"og:locale\" content=\"en_US\" \/>\n<meta property=\"og:type\" content=\"article\" \/>\n<meta property=\"og:title\" content=\"Investoren - Startmybusiness. Die Plattform f\u00fcr Gr\u00fcnder &amp; Investoren.\" \/>\n<meta property=\"og:description\" content=\"Lorem ipsum dolor amet tetur elit eiusmod.VIEW MORELorem ipsum dolor amet tetur elit eiusmod.VIEW MORELorem ipsum dolor amet tetur elit eiusmod.VIEW MORELorem ipsum dolor amet tetur elit eiusmod.VIEW MORE\" \/>\n<meta property=\"og:url\" content=\"https:\/\/startmybusiness.de\/en\/investoren\/\" \/>\n<meta property=\"og:site_name\" content=\"Startmybusiness. Die Plattform f\u00fcr Gr\u00fcnder &amp; Investoren.\" \/>\n<meta property=\"article:modified_time\" content=\"2021-05-30T20:09:22+00:00\" \/>\n<meta name=\"twitter:card\" content=\"summary_large_image\" \/>\n<meta name=\"twitter:label1\" content=\"Est. reading time\" \/>\n\t<meta name=\"twitter:data1\" content=\"6 minutes\" \/>\n<script type=\"application\/ld+json\" class=\"yoast-schema-graph\">{\"@context\":\"https:\\\/\\\/schema.org\",\"@graph\":[{\"@type\":\"WebPage\",\"@id\":\"https:\\\/\\\/startmybusiness.de\\\/investoren\\\/\",\"url\":\"https:\\\/\\\/startmybusiness.de\\\/investoren\\\/\",\"name\":\"Investoren - Startmybusiness. Die Plattform f\u00fcr Gr\u00fcnder & Investoren.\",\"isPartOf\":{\"@id\":\"https:\\\/\\\/startmybusiness.de\\\/#website\"},\"datePublished\":\"2020-06-12T12:11:19+00:00\",\"dateModified\":\"2021-05-30T20:09:22+00:00\",\"breadcrumb\":{\"@id\":\"https:\\\/\\\/startmybusiness.de\\\/investoren\\\/#breadcrumb\"},\"inLanguage\":\"en-US\",\"potentialAction\":[{\"@type\":\"ReadAction\",\"target\":[\"https:\\\/\\\/startmybusiness.de\\\/investoren\\\/\"]}]},{\"@type\":\"BreadcrumbList\",\"@id\":\"https:\\\/\\\/startmybusiness.de\\\/investoren\\\/#breadcrumb\",\"itemListElement\":[{\"@type\":\"ListItem\",\"position\":1,\"name\":\"Startseite\",\"item\":\"https:\\\/\\\/startmybusiness.de\\\/\"},{\"@type\":\"ListItem\",\"position\":2,\"name\":\"Investoren\"}]},{\"@type\":\"WebSite\",\"@id\":\"https:\\\/\\\/startmybusiness.de\\\/#website\",\"url\":\"https:\\\/\\\/startmybusiness.de\\\/\",\"name\":\"Startmybusiness. Die Plattform f\u00fcr Gr\u00fcnder & Investoren.\",\"description\":\"Startmybusiness. Die Plattform f&uuml;r Gr&uuml;nder &amp; Investoren.\",\"potentialAction\":[{\"@type\":\"SearchAction\",\"target\":{\"@type\":\"EntryPoint\",\"urlTemplate\":\"https:\\\/\\\/startmybusiness.de\\\/?s={search_term_string}\"},\"query-input\":{\"@type\":\"PropertyValueSpecification\",\"valueRequired\":true,\"valueName\":\"search_term_string\"}}],\"inLanguage\":\"en-US\"}]}<\/script>\n<!-- \/ Yoast SEO plugin. -->","yoast_head_json":{"title":"Investoren - Startmybusiness. Die Plattform f\u00fcr Gr\u00fcnder & Investoren.","robots":{"index":"index","follow":"follow","max-snippet":"max-snippet:-1","max-image-preview":"max-image-preview:large","max-video-preview":"max-video-preview:-1"},"canonical":"https:\/\/startmybusiness.de\/en\/investoren\/","og_locale":"en_US","og_type":"article","og_title":"Investoren - Startmybusiness. Die Plattform f\u00fcr Gr\u00fcnder & Investoren.","og_description":"Lorem ipsum dolor amet tetur elit eiusmod.VIEW MORELorem ipsum dolor amet tetur elit eiusmod.VIEW MORELorem ipsum dolor amet tetur elit eiusmod.VIEW MORELorem ipsum dolor amet tetur elit eiusmod.VIEW MORE","og_url":"https:\/\/startmybusiness.de\/en\/investoren\/","og_site_name":"Startmybusiness. Die Plattform f\u00fcr Gr\u00fcnder & Investoren.","article_modified_time":"2021-05-30T20:09:22+00:00","twitter_card":"summary_large_image","twitter_misc":{"Est. reading time":"6 minutes"},"schema":{"@context":"https:\/\/schema.org","@graph":[{"@type":"WebPage","@id":"https:\/\/startmybusiness.de\/investoren\/","url":"https:\/\/startmybusiness.de\/investoren\/","name":"Investoren - Startmybusiness. Die Plattform f\u00fcr Gr\u00fcnder & Investoren.","isPartOf":{"@id":"https:\/\/startmybusiness.de\/#website"},"datePublished":"2020-06-12T12:11:19+00:00","dateModified":"2021-05-30T20:09:22+00:00","breadcrumb":{"@id":"https:\/\/startmybusiness.de\/investoren\/#breadcrumb"},"inLanguage":"en-US","potentialAction":[{"@type":"ReadAction","target":["https:\/\/startmybusiness.de\/investoren\/"]}]},{"@type":"BreadcrumbList","@id":"https:\/\/startmybusiness.de\/investoren\/#breadcrumb","itemListElement":[{"@type":"ListItem","position":1,"name":"Startseite","item":"https:\/\/startmybusiness.de\/"},{"@type":"ListItem","position":2,"name":"Investoren"}]},{"@type":"WebSite","@id":"https:\/\/startmybusiness.de\/#website","url":"https:\/\/startmybusiness.de\/","name":"Startmybusiness. Die Plattform f\u00fcr Gr\u00fcnder & Investoren.","description":"Startmybusiness. Die Plattform f&uuml;r Gr&uuml;nder &amp; Investoren.","potentialAction":[{"@type":"SearchAction","target":{"@type":"EntryPoint","urlTemplate":"https:\/\/startmybusiness.de\/?s={search_term_string}"},"query-input":{"@type":"PropertyValueSpecification","valueRequired":true,"valueName":"search_term_string"}}],"inLanguage":"en-US"}]}},"_links":{"self":[{"href":"https:\/\/startmybusiness.de\/en\/wp-json\/wp\/v2\/pages\/19","targetHints":{"allow":["GET"]}}],"collection":[{"href":"https:\/\/startmybusiness.de\/en\/wp-json\/wp\/v2\/pages"}],"about":[{"href":"https:\/\/startmybusiness.de\/en\/wp-json\/wp\/v2\/types\/page"}],"author":[{"embeddable":true,"href":"https:\/\/startmybusiness.de\/en\/wp-json\/wp\/v2\/users\/1"}],"replies":[{"embeddable":true,"href":"https:\/\/startmybusiness.de\/en\/wp-json\/wp\/v2\/comments?post=19"}],"version-history":[{"count":0,"href":"https:\/\/startmybusiness.de\/en\/wp-json\/wp\/v2\/pages\/19\/revisions"}],"wp:attachment":[{"href":"https:\/\/startmybusiness.de\/en\/wp-json\/wp\/v2\/media?parent=19"}],"wp:term":[{"taxonomy":"dipi_cpt_category","embeddable":true,"href":"https:\/\/startmybusiness.de\/en\/wp-json\/wp\/v2\/dipi_cpt_category?post=19"}],"curies":[{"name":"wp","href":"https:\/\/api.w.org\/{rel}","templated":true}]}}