{"id":255170,"date":"2021-12-09T13:30:37","date_gmt":"2021-12-09T13:30:37","guid":{"rendered":"https:\/\/startmybusiness.de\/?page_id=255170"},"modified":"2021-12-09T13:45:06","modified_gmt":"2021-12-09T13:45:06","slug":"agb","status":"publish","type":"page","link":"https:\/\/startmybusiness.de\/en\/agb\/","title":{"rendered":"GTC"},"content":{"rendered":"<p>[et_pb_section fb_built=&#8221;1&#8243; _builder_version=&#8221;4.14.2&#8243; _module_preset=&#8221;default&#8221; global_colors_info=&#8221;{}&#8221;][et_pb_row _builder_version=&#8221;4.14.2&#8243; _module_preset=&#8221;default&#8221; global_colors_info=&#8221;{}&#8221;][et_pb_column type=&#8221;4_4&#8243; _builder_version=&#8221;4.14.2&#8243; _module_preset=&#8221;default&#8221; global_colors_info=&#8221;{}&#8221;][et_pb_text _builder_version=&#8221;4.14.2&#8243; _module_preset=&#8221;default&#8221; custom_margin=&#8221;114px||||false|false&#8221; global_colors_info=&#8221;{}&#8221;]<\/p>\n<h1>AGB<\/h1>\n<p>[\/et_pb_text][et_pb_text _builder_version=&#8221;4.14.2&#8243; _module_preset=&#8221;default&#8221; text_font=&#8221;Ubuntu||||||||&#8221; header_font=&#8221;Ubuntu||||||||&#8221; global_colors_info=&#8221;{}&#8221;]<\/p>\n<h1>\u00a7 1 Allgemeines, Begriffsbestimmungen<\/h1>\n<p>(1) Diese Allgemeinen Gesch\u00e4ftsbedingungen gelten f\u00fcr s\u00e4mtliche Gesch\u00e4ftsbeziehungen im Rahmen des StartMyBusiness Awards zwischen der Pabst Media GmbH (nachfolgend \u201eVeranstalter\u201c genannt), und teilnehmenden Unternehmen (i.S.v. \u00a7 14 BGB).<\/p>\n<p>(2) Teilnehmer sind Unternehmen, die Ihre Teilnahme durch Einreichung erkl\u00e4rt haben (s.a. \u00a7 2 lit. b dieser AGB).<\/p>\n<p>(3) Nominierung: Eine Teilnahme ist nur nach Nominierung oder Selbstqualifizierung m\u00f6glich (s.a. \u00a7 2 lit. a dieser AGB).<\/p>\n<p>(4) Teilnahmeberechtigt sind nur Unternehmen mit Sitz innerhalb der Europ\u00e4ischen Union.<\/p>\n<p>(4) Hiervon abweichende Gesch\u00e4ftsbedingungen haben ausdr\u00fccklich nur G\u00fcltigkeit, soweit der der Veranstalter diese schriftlich oder ersatzweise in Textform ausdr\u00fccklich anerkannt hat.<\/p>\n<p>(5) <strong><em>Hinweis<\/em><\/strong><\/p>\n<p>Sofern in dieser Erkl\u00e4rung oder auf der Webseite nur die Form des m\u00e4nnlichen Geschlechts genannt wird, so stellt dies ausdr\u00fccklich keine Diskriminierung eines anderen Geschlechts dar, sondern dient ausschlie\u00dflich der Verbesserung der Lesbarkeit.<\/p>\n<p>&nbsp;<\/p>\n<h1>\u00a7 2 Teilnahme und Vertragsschluss<\/h1>\n<p>Die Teilnahme an dem StartMyBusiness Award erfolgt in folgenden Schritten und richtet sich an innovative Startups aus der EU:<\/p>\n<p>&nbsp;<\/p>\n<h2>a) Nominierung, Selbstqualifizierung<\/h2>\n<p>Voraussetzung f\u00fcr eine Teilnahme (Einreichung) ist eine Nominierung des Unternehmens durch Dritte (Gesch\u00e4ftspartner, Freunde etc.) \u00fcber das Formular zur Nominierung. Alternativ k\u00f6nnen Gr\u00fcnder, Gesch\u00e4ftsf\u00fchrer und \u00a0Mitarbeiter Ihr Unternehmen auch selbst nominieren. Hierf\u00fcr muss jeweils das Nominierungsformular vollst\u00e4ndig ausgef\u00fcllt werden.<\/p>\n<p>Anschlie\u00dfend wir die Nominierung durch den Veranstalter gepr\u00fcft. Hierbei wird insbesondere gepr\u00fcft, ob das nominierte Unternehmen tats\u00e4chlich ein Startup ist und um eine missbr\u00e4uchliche Nutzung des Formulars zu verhindern (missbr\u00e4uchliche und unvollst\u00e4ndige Nominierungen werden gel\u00f6scht). Die Nominierung ist vollst\u00e4ndig kostenlos und stellt keine Verpflichtung zur Einreichung dar.<\/p>\n<h2>\u00a0<\/h2>\n<h2>b) Einreichung<\/h2>\n<p>Nach erfolgreicher Nominierung und Pr\u00fcfung durch den Veranstalter erh\u00e4lt jedes nominierte Unternehmen einen Einreichungslink per E-Mail. Dieser wird an die bei Nominierung angegebene E-Mail-Adresse versendet. Mit Ausf\u00fcllen und Absenden des Einreichungsformulars w\u00e4hlen Teilnehmer ein nur im Gewinnfall kostenpflichtiges Paket aus. Mit Absenden des Einreichungsformulars kommt ein wirksamer Vertrag zustande<\/p>\n<p>&nbsp;<\/p>\n<h1>\u00a7 3 Leistungsumfang<\/h1>\n<p>(1) Der vertraglich Leistungsumfang ergibt sich neben den Bestimmungen dieser AGB aus der Leistungsbeschreibung des bei Einreichung gew\u00e4hlten Pakets.<\/p>\n<p>(2) Jede Einreichung wird von einer exklusiven Jury bestehend aus angesehenen Personen aus Wirtschaft und Forschung gesichtet und bewertet. Alle Gewinner erhalten einen exklusiven Bewertungsbericht im Rahmen der Auszeichnung.<\/p>\n<p>&nbsp;<\/p>\n<p>(3) Mit Einreichung entsteht jedoch ausdr\u00fccklich kein Anspruch auf Gewinn eines StartMyBusiness Awards<\/p>\n<p>&nbsp;<\/p>\n<h1>\u00a7 4 Preise und Zahlung<\/h1>\n<p>(1) Die H\u00f6he der Verg\u00fctung f\u00fcr die einzelnen Leistungen ergibt sich grunds\u00e4tzlich aus der Leistungsbeschreibung des jeweils gew\u00e4hlten Pakets und wird nur im Gewinnfall f\u00e4llig. Sofern etwaige Zusatzleistungen vertragsgegenst\u00e4ndliche Leistungen geworden sind, so wird f\u00fcr diese die entsprechende Verg\u00fctung berechnet.<\/p>\n<p>(2) S\u00e4mtliche Leistungen sind innerhalb von 14 Tagen ab dem auf der jeweiligen Rechnung angegebenen Datum (Rechnungsdatum) vollst\u00e4ndig, ohne Abz\u00fcge und inklusive der ausgewiesenen Steuern, auf das angegebene Konto zu zahlen. Die Rechnung wird dem Gewinner in elektronischer Form (per E-Mail) bereitgestellt.<\/p>\n<p>(3) Der Teilnehmer darf gegen Verg\u00fctungsforderungen des Veranstalters nur mit unbestrittenen, d.h. schriftlich von dem Veranstalter anerkannten, oder rechtskr\u00e4ftig festgestellten Forderungen aufrechnen. Der Teilnehmer kann ein Zur\u00fcckbehaltungsrecht nur in den F\u00e4llen solcher, unbestrittener oder rechtskr\u00e4ftig festgestellter Anspr\u00fcche geltend machen.<\/p>\n<p>(4) S\u00e4mtliche Leistungen werden neben dem angegeben Nettopreisen zzgl. mit dem entsprechenden Umsatzsteuersatz berechnet. Der regelm\u00e4\u00dfige Umsatzsteuersatz betr\u00e4gt derzeit 19 %.<\/p>\n<p>(5) Bei Zahlungsverzug beh\u00e4lt sich der Veranstalter das Recht vor dem Teilnehmer hierdurch entstehende Kosten, wie Mahngeb\u00fchren in angemessener H\u00f6he, Verzugszinsen und sonstige Kosten und Geb\u00fchren zu berechnen. Weiterhin beh\u00e4lt sich der Veranstalter bei Zahlungsverzug (auch teilweiser Zahlungsverzug) das Recht vor, dem Teilnehmer s\u00e4mtliche Nutzungsrechte der Leistungen zu untersagen. Ebenso k\u00f6nnen s\u00e4mtliche Besitz- und etwaige Eigentumsrechte aberkannt werden.<\/p>\n<p>&nbsp;<\/p>\n<h1>\u00a7 5 Termine, Lieferfristen<\/h1>\n<p>(1) Angegebene Termine und Lieferfristen gelten lediglich als vorl\u00e4ufige Terminangaben. Hievon Ausgenommen sind jedoch schriftlich oder in Textform best\u00e4tigte Fixtermine. Sofern sich die Leistung des Veranstalters aus von ihm nicht zu vertretenden Gr\u00fcnden verz\u00f6gert, (u.a. nicht rechtzeitig vom Teilnehmer bereitgestellten, erforderlichen Unterlagen), sind Schadensersatzanspr\u00fcche des Teilnehmers ausgeschlossen.<\/p>\n<p>(2) Im Allgemeinen ist der Teilnehmer im Fall der Nichteinhaltung eines Termins verpflichtet, dem Veranstalter eine angemessene Nachfrist zur Erbringung der jeweiligen Leistung zu setzen.<\/p>\n<h2>(3) H\u00f6here Gewalt und Unm\u00f6glichkeit<\/h2>\n<p>S\u00e4mtliche F\u00e4lle von h\u00f6herer Gewalt (auch Pandemien und Epidemien), Streik, Aussperrung, unzureichender Material- oder Energieversorgung, Mangel an Transportm\u00f6glichkeiten und andere \u00e4hnliche Ereignisse oder Ursachen, welche au\u00dferhalb des Einwirkungsbereichs des Veranstalters stehen, entbinden diesen f\u00fcr die Zeitdauer und den Umfang solcher Hindernisse von der Verpflichtung zur Erf\u00fcllung des Vertrages. Dies gilt auch, wenn solche Umst\u00e4nde bei den Zulieferern des Veranstalters eintreten. Sofern dies nach Abw\u00e4gung der jeweiligen Interessen m\u00f6glich und zumutbar ist, wird der Veranstalter jedoch versuchen andere m\u00f6glichst gleichwertige Zulieferer hinzuzuziehen und\/oder die Auswirkungen von F\u00e4llen h\u00f6herer Gewalt durch geeignete sowie angemessene Ma\u00dfnahmen m\u00f6glichst zu begrenzen. Alle vorbezeichneten Umst\u00e4nde sind auch dann nicht von dem Veranstalter zu vertreten, sofern sie w\u00e4hrend eines bereits vorliegenden Verzuges eintreten. Den Beginn und das Ende solcher Hinderungsgr\u00fcnde teilt der Veranstalter dem Teilnehmer m\u00f6glichst umgehend mit.<\/p>\n<p>&nbsp;<\/p>\n<h1>\u00a7 6 Abnahme<\/h1>\n<p>(1) Jeder Teilnehmer ist verpflichtet, die Auszeichnung\/den Award nach Fertigstellung binnen 10 Werktagen abzunehmen. Als erfolgt gilt die Annahme hingegen, sofern sie nicht innerhalb der Frist mittels einer eindeutigen Erkl\u00e4rung (schriftlich oder in Textform) erkl\u00e4rt oder verweigert wurde. Voraussetzung hierf\u00fcr ist jedoch, dass der StartMyBusiness Award im Wesentlichen den Vereinbarungen entspricht. Sollten tats\u00e4chlich wesentliche Abweichungen (M\u00e4ngel) vorliegen, wird der Veranstalter diese Abweichungen in angemessener Frist beseitigen und die Auszeichnung erneut zur Abnahme vorlegen. Ansonsten gilt die Abnahme sp\u00e4testens mit der Zahlung oder Nutzung des Werkes als erfolgt (konkludente Annahme).<\/p>\n<p>(2) F\u00fcr Beratungsleistungen sowie sonstige Leistungen nach dem Dienstvertragsrecht gelten im Allgemeinen die Bestimmungen des Dienstvertragsrechts gem. \u00a7\u00a7 611 ff. BGB \u2013 hier stellt sich die Frage der Abnahme nicht.<\/p>\n<p>&nbsp;<\/p>\n<h1>\u00a7 7 Urheberrechtliche Nutzungsrechte \/ Leistungsrechte<\/h1>\n<p>(1) Der Veranstalter ist ausdr\u00fccklich nicht verpflichtet, die in im Rahmen der Einreichung und Auszeichnung vom Teilnehmer eingereichten Unterlagen und sonstigen Materialien hinsichtlich von Sachaussagen \u00fcber Produkte und Leistungen sowie das Unternehmen des Teilnehmers auf ihre Richtigkeit zu \u00fcberpr\u00fcfen. Im Falle der Verletzung von solchen gesch\u00fctzten Rechten verpflichtet sich der Teilnehmer dazu, den Veranstalter und dessen Partner (u.a. Jurymitglieder) von s\u00e4mtlichen Anspr\u00fcchen Dritter und den damit verbundenen Kosten freizuhalten.<\/p>\n<p>(2) Der Veranstalter r\u00e4umt dem Teilnehmer Nutzungs-, Urheber-, Leistungsschutz- sowie sonstige gewerbliche Schutzrechte an den Leistungen des Veranstalters nur in dem im Vertrag mit dem Teilnehmer ausdr\u00fccklich vereinbarten Umfang ein. Jegliche anderweitige\/dar\u00fcber hinaus gehende (und\/oder ab\u00e4ndernde Nutzung) bedarf der vorherigen schriftlichen ausdr\u00fccklichen Zustimmung des Veranstalters. In solchen F\u00e4llen ist der Veranstalter berechtigt, die Zustimmung insbesondere von einer zus\u00e4tzlichen Verg\u00fctung abh\u00e4ngig zu machen.<\/p>\n<p>(3) S\u00e4mtliche vereinbarte Nutzungsrechte erwirbt der Teilnehmer mit dem Zeitpunkt der erfolgten, vollst\u00e4ndigen Zahlung der vereinbarten Verg\u00fctung gem. \u00a7 4 dieser AGB. Folglich darf der Teilnehmer die Werke \/ Leistungen des Veranstalters erst nach vollst\u00e4ndiger Zahlungseingang in dem jeweils vereinbarten Umfang nutzen.<\/p>\n<p>(4) Das Recht zur Weiter\u00fcbertragung von Nutzungsrechten ist, sofern in der Leistungsbeschreibung nicht ausdr\u00fccklich etwas Abweichendes vereinbart wurde, ausdr\u00fccklich nicht Gegenstand des gew\u00e4hrten Nutzungsrechts. Gleiches gilt f\u00fcr das Recht urheberrechtlich gesch\u00fctzte Werke zu bearbeiten oder zu ver\u00e4ndern.<\/p>\n<p>&nbsp;<\/p>\n<h1>\u00a7 8 Gew\u00e4hrleistung<\/h1>\n<p>(1) Die vertragsgegenst\u00e4ndlichen Leistungen werden von dem Veranstalter grunds\u00e4tzlich entsprechend dem vereinbarten Leistungsumfang erbracht. Bei Vorliegen von M\u00e4ngeln, ist der Teilnehmer verpflichtet, diese M\u00e4ngel unverz\u00fcglich schriftlich oder in Textform anzuzeigen und eine Beschreibung des Mangels beizuf\u00fcgen. Der Veranstalter \u00fcbernimmt grunds\u00e4tzlich keine Garantien, auch nicht hinsichtlich bestimmter Beschaffenheitsmerkmale oder Eigenschaften.<\/p>\n<p>(2) Die Leistungserbringung durch den Veranstalter erfolgt mit gr\u00f6\u00dftm\u00f6glicher Sorgfalt und Pr\u00e4zision.<\/p>\n<p>(3) Hat der Teilnehmer einen Mangel angezeigt und nachgewiesen, wird der Dienstleister diesen Mangel innerhalb einer angemessenen Frist durch Beseitigung des Mangels oder durch Erbringung einer neuen Leistung, nacherf\u00fcllen. F\u00fcr eine erfolgreiche Nacherf\u00fcllung werden dem Veranstalter mindestens zwei Versuche einger\u00e4umt. Im Falle von geringf\u00fcgigen M\u00e4ngeln, steht dem Teilnehmer kein R\u00fccktrittsrecht zu. Nach zwei fehlgeschlagenen Versuchen der Nacherf\u00fcllung durch den Dienstleister, hat der Dienstleistungsempf\u00e4nger das Recht, den vereinbarten<\/p>\n<p>Preis zu mindern oder vollst\u00e4ndig vom Vertrag zur\u00fcckzutreten.<\/p>\n<p>&nbsp;<\/p>\n<h1>\u00a7 9 Haftung<\/h1>\n<p>(1) Die Haftung des Veranstalters f\u00fcr leicht fahrl\u00e4ssig verursachte Sch\u00e4den ist ausgeschlossen.<\/p>\n<p>(2) Dies gilt nicht f\u00fcr Sch\u00e4den, die aus der Verletzung des Lebens, des K\u00f6rpers oder der Gesundheit resultieren, oder wenn der Veranstalter oder dessen Mitarbeiter den Schaden vors\u00e4tzlich verursacht haben.<\/p>\n<p>(3) Der Veranstalter haftet gegen\u00fcber dem Teilnehmer f\u00fcr das Verschulden, der von ihm eingesetzten Mitarbeiter wie f\u00fcr eigenes Verschulden, entsprechend Abs. 1 und 2.<\/p>\n<p>&nbsp;<\/p>\n<p>&nbsp;<\/p>\n<h1>\u00a7 10 Datenschutz \u2013 Schutz personenbezogener Daten<\/h1>\n<p>(1) Alle Daten, die der Teilnehmer an den Veranstalter \u00fcbermittelt, werden von diesem vertraulich behandelt. Dies sind insbesondere, aber nicht ausschlie\u00dflich personenbezogene Daten sowie Gesch\u00e4ftsgeheimnisse. Personenbezogene Daten und sonstige Daten des Teilnehmers werden von dem Veranstalter grunds\u00e4tzlich weder verkauft, verbreitet, noch gegen Entgelt Dritten \u00fcberlassen oder in anderer Weise kommerziell genutzt. Allerdings r\u00e4umt der Teilnehmer dem Veranstalter das Recht ein, die im Rahmen des Srtarmybusiness Awards verarbeiteten Daten im erforderlichen Umfang an Jurymitglieder sowie Partner und Sponsoren des Awards zu \u00fcbermitteln oder bereitzustellen.<\/p>\n<p>(2) Die Verarbeitung von personenbezogenen Daten durch den Veranstalter richtet sich immer nach den Grunds\u00e4tzen gem. Art. 5 Abs. 1 DSGVO. Dies sind u.a. die Grunds\u00e4tze der Transparenz, Zweckbindung und die Datenminimierung.<\/p>\n<p>(3) Die Weitergabe von personenbezogenen Daten an Dritte findet ausschlie\u00dflich in folgenden F\u00e4llen statt:<\/p>\n<ol>\n<li>Sofern die betroffene Person gem. Art. 6 Abs. 1 lit. a und Art. 7 DSGVO hierzu ihre Einwilligung erteilt hat.<\/li>\n<li>Die Weitergabe ist zur Erf\u00fcllung vertraglicher oder vorvertraglicher Ma\u00dfnahmen gem. Art. 6 Abs. 1 lit. b DSGVO erforderlich.<\/li>\n<li>Hierzu eine Gesetzliche Verpflichtung nach Art 6 Abs. 1 lit. c DSGVO besteht.<\/li>\n<li>Sofern dies ist nach Art. 6 Abs. 1 lit. f DSGVO zur Geltendmachung, Aus\u00fcbung oder Verteidigung von Rechtsanspr\u00fcchen erforderlich ist sowie dem kein \u00fcberwiegendes schutzw\u00fcrdigen Interesse entgegensteht.<\/li>\n<\/ol>\n<p>(4) Im Allgemeinen verarbeitet der Veranstalter personenbezogenen Daten gem. Art 17 Abs.1 lit. a DSGVO lediglich so lange oder verarbeitet diese in sonstiger Weise, wie es f\u00fcr die Zwecke, f\u00fcr die diese erhoben wurden, erforderlich ist. Allerdings kann es in bestimmten F\u00e4llen vorkommen, dass der Veranstalter gesetzlich verpflichtet sind, bestimmte Daten \u00fcber einen l\u00e4ngeren Zeitraum zu speichern. Anschlie\u00dfend wird der Veranstalter die Daten der Betroffenen unmittelbar l\u00f6schen.<\/p>\n<p>(5) F\u00fcr den Schutz personenbezogener Daten von Teilnehmern und Nominees gilt die auf der StartMyBusiness Website verf\u00fcgbare Datenschutzerkl\u00e4rung entsprechend.<\/p>\n<p>(6) Bei Fragen und sonstigen Anliegen zum Thema Datenschutz k\u00f6nnen sich Betroffene\/Teilnehmer oder Nominees per E-Mail unter <a href=\"mailto:datenschutz@pabst-media.com\">datenschutz@pabst-media.com<\/a> an den Veranstalter wenden.<\/p>\n<p>&nbsp;<\/p>\n<p>&nbsp;<\/p>\n<h1>\u00a7 11 Nennung als Nominee\/Teilnehmer<\/h1>\n<p>(1) Der Teilnehmer\/Nominee erkl\u00e4rt sich damit einverstanden, dass der der Veranstalter von ihm erbrachten Leistungen im Wege der Nennung als Referenzen und im Rahmen branchen\u00fcblicher Art und Weise f\u00fcr Eigenwerbung verwenden kann.<\/p>\n<p>(2)\u00a0 der Veranstalter ist dar\u00fcber hinaus berechtigt, das Logo des Veranstalters auf seiner Website (<a href=\"https:\/\/startmybusiness.de\/\">https:\/\/StartMyBusiness.de\/<\/a>) sowie weiteren eigenen Websites sowie in Marketingunterlagen zu verwenden.<\/p>\n<p>&nbsp;<\/p>\n<p>&nbsp;<\/p>\n<h1>\u00a7 12 \u00c4nderungen dieser AGB (\u00c4nderungsvorbehalt)<\/h1>\n<p>(1)\u00a0 Der Veranstalter beh\u00e4lt sich das Recht vor, die AGB insbesondere aus folgenden Gr\u00fcnden zu \u00e4ndern:<\/p>\n<ol>\n<li>a) diese AGB unvollst\u00e4ndig oder nicht hinreichend konkretisiert sind<\/li>\n<li>b) sofern dies aufgrund von Gesetzes\u00e4nderungen oder sonstigen ge\u00e4nderten Bestimmungen des Gesetzgebers erforderlich wird<\/li>\n<li>c) eine \u00c4nderung aufgrund der Rechtsprechung notwendig ist<\/li>\n<li>d) neue technische Entwicklungen im Zusammenhang mit dem Gesch\u00e4ftsbereich und Gesch\u00e4ftsbetrieb eine \u00c4nderung notwendig machen<\/li>\n<li>e) sonstige gleichwertige Gr\u00fcnde eine \u00c4nderung erforderlich machen<\/li>\n<\/ol>\n<p>(2) Soweit \u00c4nderungen ein bereits bestehendes Vertragsverh\u00e4ltnis betreffen, bed\u00fcrfen \u00c4nderungen gem. Abs. 1 der Zustimmung Teilnehmers. Hierf\u00fcr wird der Veranstalter dem Teilnehmer die \u00c4nderungen in Textform (per E-Mail) mit einer angemessenen Frist zur Zustimmung bereitstellen. Sollte der Teilnehmer die \u00c4nderungen nicht innerhalb dieser Frist best\u00e4tigen, so kann der Veranstalter von dessen Zustimmung ausgehen. Einzelheiten regelt die jeweilige \u00c4nderungsmitteilung.<\/p>\n<p>&nbsp;<\/p>\n<p>&nbsp;<\/p>\n<h1>\u00a7 13 Schlussbestimmungen<\/h1>\n<p>(1) Sollten eine oder mehrere Bestimmungen dieser AGB (B2B) unwirksam sein oder werden, ber\u00fchrt dies die Wirksamkeit der \u00fcbrigen Bestimmungen nicht. Die unwirksame Regelung ist durch eine Wirksame zu ersetzen, die dem rechtlichen und wirtschaftlichen Willen der Vertragsparteien am n\u00e4chsten kommt.<\/p>\n<p>(2) Erf\u00fcllungsort f\u00fcr s\u00e4mtliche Leistungen des Veranstalters ist der Sitz des Veranstalters. Dies gilt jedoch insbesondere nicht f\u00fcr solche Leistungen, die bei dem Teilnehmer vor Ort erbracht werden.<\/p>\n<p>(3) Die Anwendbarkeit von AGB von Teilnehmern oder etwaigen Dritten wird hiermit vollst\u00e4ndig ausgeschlossen.<\/p>\n<p>(4) Als Gerichtsstand gilt der Sitz des Veranstalters vereinbart. Diese Vereinbarung gilt auch, aber nicht ausschlie\u00dflich f\u00fcr Teilnehmer, die ihren Sitz in das Ausland verlagern oder bereits haben.<\/p>\n<p>(5) Anwendbar ist ausschlie\u00dflich das Recht der Bundesrepublik Deutschland sowie etwaige einschl\u00e4gige Rechtsvorschriften der Europ\u00e4ischen Union (u.a. DSGVO). Die Anwendung des CISG (UN-Kaufrecht) ist ausgeschlossen.<\/p>\n<p>&nbsp;<\/p>\n<p>&nbsp;<\/p>\n<p>Stand: 11.2021<\/p>\n<p>[\/et_pb_text][\/et_pb_column][\/et_pb_row][\/et_pb_section]<\/p>\n","protected":false},"excerpt":{"rendered":"<p>AGB\u00a7 1 Allgemeines, Begriffsbestimmungen (1) Diese Allgemeinen Gesch\u00e4ftsbedingungen gelten f\u00fcr s\u00e4mtliche Gesch\u00e4ftsbeziehungen im Rahmen des StartMyBusiness Awards zwischen der Pabst Media GmbH (nachfolgend \u201eVeranstalter\u201c genannt), und teilnehmenden Unternehmen (i.S.v. \u00a7 14 BGB). (2) Teilnehmer sind Unternehmen, die Ihre Teilnahme durch Einreichung erkl\u00e4rt haben (s.a. \u00a7 2 lit. b dieser AGB). (3) Nominierung: Eine Teilnahme ist [&hellip;]<\/p>\n","protected":false},"author":1,"featured_media":0,"parent":0,"menu_order":0,"comment_status":"closed","ping_status":"closed","template":"","meta":{"_et_pb_use_builder":"on","_et_pb_old_content":"","_et_gb_content_width":"","footnotes":""},"dipi_cpt_category":[],"class_list":["post-255170","page","type-page","status-publish","hentry"],"yoast_head":"<!-- This site is optimized with the Yoast SEO plugin v27.4 - https:\/\/yoast.com\/product\/yoast-seo-wordpress\/ -->\n<title>AGB - Startmybusiness. Die Plattform f\u00fcr Gr\u00fcnder &amp; Investoren.<\/title>\n<meta name=\"robots\" content=\"index, follow, max-snippet:-1, max-image-preview:large, max-video-preview:-1\" \/>\n<link rel=\"canonical\" href=\"https:\/\/startmybusiness.de\/en\/agb\/\" \/>\n<meta property=\"og:locale\" content=\"en_US\" \/>\n<meta property=\"og:type\" content=\"article\" \/>\n<meta property=\"og:title\" content=\"AGB - Startmybusiness. Die Plattform f\u00fcr Gr\u00fcnder &amp; Investoren.\" \/>\n<meta property=\"og:description\" content=\"Lorem ipsum dolor amet tetur elit eiusmod.VIEW MORELorem ipsum dolor amet tetur elit eiusmod.VIEW MORELorem ipsum dolor amet tetur elit eiusmod.VIEW MORELorem ipsum dolor amet tetur elit eiusmod.VIEW MORE\" \/>\n<meta property=\"og:url\" content=\"https:\/\/startmybusiness.de\/en\/agb\/\" \/>\n<meta property=\"og:site_name\" content=\"Startmybusiness. Die Plattform f\u00fcr Gr\u00fcnder &amp; Investoren.\" \/>\n<meta property=\"article:modified_time\" content=\"2021-12-09T13:45:06+00:00\" \/>\n<meta name=\"twitter:card\" content=\"summary_large_image\" \/>\n<script type=\"application\/ld+json\" class=\"yoast-schema-graph\">{\"@context\":\"https:\\\/\\\/schema.org\",\"@graph\":[{\"@type\":\"WebPage\",\"@id\":\"https:\\\/\\\/startmybusiness.de\\\/agb\\\/\",\"url\":\"https:\\\/\\\/startmybusiness.de\\\/agb\\\/\",\"name\":\"AGB - Startmybusiness. Die Plattform f\u00fcr Gr\u00fcnder & Investoren.\",\"isPartOf\":{\"@id\":\"https:\\\/\\\/startmybusiness.de\\\/#website\"},\"datePublished\":\"2021-12-09T13:30:37+00:00\",\"dateModified\":\"2021-12-09T13:45:06+00:00\",\"breadcrumb\":{\"@id\":\"https:\\\/\\\/startmybusiness.de\\\/agb\\\/#breadcrumb\"},\"inLanguage\":\"en-US\",\"potentialAction\":[{\"@type\":\"ReadAction\",\"target\":[\"https:\\\/\\\/startmybusiness.de\\\/agb\\\/\"]}]},{\"@type\":\"BreadcrumbList\",\"@id\":\"https:\\\/\\\/startmybusiness.de\\\/agb\\\/#breadcrumb\",\"itemListElement\":[{\"@type\":\"ListItem\",\"position\":1,\"name\":\"Startseite\",\"item\":\"https:\\\/\\\/startmybusiness.de\\\/\"},{\"@type\":\"ListItem\",\"position\":2,\"name\":\"AGB\"}]},{\"@type\":\"WebSite\",\"@id\":\"https:\\\/\\\/startmybusiness.de\\\/#website\",\"url\":\"https:\\\/\\\/startmybusiness.de\\\/\",\"name\":\"Startmybusiness. Die Plattform f\u00fcr Gr\u00fcnder & Investoren.\",\"description\":\"Startmybusiness. Die Plattform f&uuml;r Gr&uuml;nder &amp; Investoren.\",\"potentialAction\":[{\"@type\":\"SearchAction\",\"target\":{\"@type\":\"EntryPoint\",\"urlTemplate\":\"https:\\\/\\\/startmybusiness.de\\\/?s={search_term_string}\"},\"query-input\":{\"@type\":\"PropertyValueSpecification\",\"valueRequired\":true,\"valueName\":\"search_term_string\"}}],\"inLanguage\":\"en-US\"}]}<\/script>\n<!-- \/ Yoast SEO plugin. -->","yoast_head_json":{"title":"AGB - Startmybusiness. Die Plattform f\u00fcr Gr\u00fcnder & Investoren.","robots":{"index":"index","follow":"follow","max-snippet":"max-snippet:-1","max-image-preview":"max-image-preview:large","max-video-preview":"max-video-preview:-1"},"canonical":"https:\/\/startmybusiness.de\/en\/agb\/","og_locale":"en_US","og_type":"article","og_title":"AGB - Startmybusiness. Die Plattform f\u00fcr Gr\u00fcnder & Investoren.","og_description":"Lorem ipsum dolor amet tetur elit eiusmod.VIEW MORELorem ipsum dolor amet tetur elit eiusmod.VIEW MORELorem ipsum dolor amet tetur elit eiusmod.VIEW MORELorem ipsum dolor amet tetur elit eiusmod.VIEW MORE","og_url":"https:\/\/startmybusiness.de\/en\/agb\/","og_site_name":"Startmybusiness. Die Plattform f\u00fcr Gr\u00fcnder & Investoren.","article_modified_time":"2021-12-09T13:45:06+00:00","twitter_card":"summary_large_image","schema":{"@context":"https:\/\/schema.org","@graph":[{"@type":"WebPage","@id":"https:\/\/startmybusiness.de\/agb\/","url":"https:\/\/startmybusiness.de\/agb\/","name":"AGB - Startmybusiness. Die Plattform f\u00fcr Gr\u00fcnder & Investoren.","isPartOf":{"@id":"https:\/\/startmybusiness.de\/#website"},"datePublished":"2021-12-09T13:30:37+00:00","dateModified":"2021-12-09T13:45:06+00:00","breadcrumb":{"@id":"https:\/\/startmybusiness.de\/agb\/#breadcrumb"},"inLanguage":"en-US","potentialAction":[{"@type":"ReadAction","target":["https:\/\/startmybusiness.de\/agb\/"]}]},{"@type":"BreadcrumbList","@id":"https:\/\/startmybusiness.de\/agb\/#breadcrumb","itemListElement":[{"@type":"ListItem","position":1,"name":"Startseite","item":"https:\/\/startmybusiness.de\/"},{"@type":"ListItem","position":2,"name":"AGB"}]},{"@type":"WebSite","@id":"https:\/\/startmybusiness.de\/#website","url":"https:\/\/startmybusiness.de\/","name":"Startmybusiness. Die Plattform f\u00fcr Gr\u00fcnder & Investoren.","description":"Startmybusiness. Die Plattform f&uuml;r Gr&uuml;nder &amp; Investoren.","potentialAction":[{"@type":"SearchAction","target":{"@type":"EntryPoint","urlTemplate":"https:\/\/startmybusiness.de\/?s={search_term_string}"},"query-input":{"@type":"PropertyValueSpecification","valueRequired":true,"valueName":"search_term_string"}}],"inLanguage":"en-US"}]}},"_links":{"self":[{"href":"https:\/\/startmybusiness.de\/en\/wp-json\/wp\/v2\/pages\/255170","targetHints":{"allow":["GET"]}}],"collection":[{"href":"https:\/\/startmybusiness.de\/en\/wp-json\/wp\/v2\/pages"}],"about":[{"href":"https:\/\/startmybusiness.de\/en\/wp-json\/wp\/v2\/types\/page"}],"author":[{"embeddable":true,"href":"https:\/\/startmybusiness.de\/en\/wp-json\/wp\/v2\/users\/1"}],"replies":[{"embeddable":true,"href":"https:\/\/startmybusiness.de\/en\/wp-json\/wp\/v2\/comments?post=255170"}],"version-history":[{"count":0,"href":"https:\/\/startmybusiness.de\/en\/wp-json\/wp\/v2\/pages\/255170\/revisions"}],"wp:attachment":[{"href":"https:\/\/startmybusiness.de\/en\/wp-json\/wp\/v2\/media?parent=255170"}],"wp:term":[{"taxonomy":"dipi_cpt_category","embeddable":true,"href":"https:\/\/startmybusiness.de\/en\/wp-json\/wp\/v2\/dipi_cpt_category?post=255170"}],"curies":[{"name":"wp","href":"https:\/\/api.w.org\/{rel}","templated":true}]}}