{"id":50706,"date":"2020-10-15T20:03:50","date_gmt":"2020-10-15T20:03:50","guid":{"rendered":"https:\/\/startmybusiness.de\/?page_id=50706"},"modified":"2022-07-05T05:55:09","modified_gmt":"2022-07-05T05:55:09","slug":"impressum","status":"publish","type":"page","link":"https:\/\/startmybusiness.de\/en\/impressum\/","title":{"rendered":"Impressum"},"content":{"rendered":"<p>[et_pb_section fb_built=&#8221;1&#8243; admin_label=&#8221;section&#8221; _builder_version=&#8221;4.16&#8243; background_color=&#8221;#ffffff&#8221; global_colors_info=&#8221;{}&#8221;][et_pb_row admin_label=&#8221;row&#8221; _builder_version=&#8221;4.16&#8243; background_size=&#8221;initial&#8221; background_position=&#8221;top_left&#8221; background_repeat=&#8221;repeat&#8221; module_alignment=&#8221;center&#8221; custom_margin=&#8221;|auto||415px||&#8221; custom_padding=&#8221;5px|||||&#8221; global_colors_info=&#8221;{}&#8221;][et_pb_column type=&#8221;4_4&#8243; _builder_version=&#8221;4.16&#8243; custom_padding=&#8221;|||&#8221; global_colors_info=&#8221;{}&#8221; custom_padding__hover=&#8221;|||&#8221;][et_pb_text _builder_version=&#8221;4.16&#8243; global_colors_info=&#8221;{}&#8221;][\/et_pb_text][et_pb_blurb _builder_version=&#8221;4.16&#8243; header_level=&#8221;h3&#8243; header_font_size=&#8221;24px&#8221; body_text_align=&#8221;center&#8221; body_font_size=&#8221;33px&#8221; global_colors_info=&#8221;{}&#8221;]<\/p>\n<p>IMPRINT<\/p>\n<p>[\/et_pb_blurb][et_pb_text admin_label=&#8221;Text&#8221; _builder_version=&#8221;4.17.4&#8243; background_size=&#8221;initial&#8221; background_position=&#8221;top_left&#8221; background_repeat=&#8221;repeat&#8221; hover_enabled=&#8221;0&#8243; global_colors_info=&#8221;{}&#8221; sticky_enabled=&#8221;0&#8243;]<\/p>\n<p><strong>Angaben gem\u00e4\u00df \u00a7 5 TMG:<\/strong><\/p>\n<p>Pabst Media GmbH<br \/>Helgol\u00e4nder Stra\u00dfe, 25746 Heide<\/p>\n<p><strong>Kontakt:<\/strong><br \/>Telefon: +49 4835 213773-8<br \/>E-Mail: info@startmybusiness.de<\/p>\n<p><strong>Vertretungsberechtigte Gesch\u00e4ftsf\u00fchrerin &amp; Vertretungsberechtigter Gesch\u00e4ftsf\u00fchrer:<\/strong><br \/>Marie Christin Pabst &amp; R\u00fcdiger Pabst<\/p>\n<p>Sitz: Heide<br \/>Registergericht: Amtsgericht Pinneberg, HRB 14570 PI<br \/>USt-IdNr.: Umsatzsteuer-Identifikationsnummer gem\u00e4\u00df \u00a7 27a Umsatzsteuergesetz DE: DE328788953<\/p>\n<p><strong>Inhalt:<\/strong><br \/>Verantwortlich f\u00fcr den Inhalt nach \u00a7 55 Abs. 2 RStV:<br \/>R\u00fcdiger Pabst<\/p>\n<p><strong>Online-Streitbeilegung gem\u00e4\u00df Art. 14 Abs. 1 ODR-VO:<\/strong><br \/>Die Europ\u00e4ische Kommission stellt eine Plattform zur Online-Streitbeilegung (OS) bereit: https:\/\/ec.europa.eu\/consumers\/odr.<br \/>Unsere E-Mail-Adresse finden Sie oben im Impressum.<br \/>Wir sind nicht bereit oder verpflichtet, an Streitbeilegungsverfahren vor einer Verbraucherschlichtungsstelle teilzunehmen.<\/p>\n<p><strong><\/strong><\/p>\n<p><strong><\/strong><\/p>\n<p><strong>Weitere rechtliche Hinweise<\/strong><\/p>\n<p><strong>Haftung f\u00fcr Inhalte<\/strong><br \/>Als Diensteanbieter sind wir gem\u00e4\u00df \u00a7 7 Abs.1 TMG f\u00fcr eigene Inhalte auf diesen Seiten nach den allgemeinen Gesetzen verantwortlich. Nach \u00a7\u00a7 8 bis 10 TMG sind wir als Diensteanbieter jedoch nicht verpflichtet, \u00fcbermittelte oder gespeicherte fremde Informationen zu \u00fcberwachen oder nach Umst\u00e4nden zu forschen, die auf eine rechtswidrige T\u00e4tigkeit hinweisen.<br \/>Verpflichtungen zur Entfernung oder Sperrung der Nutzung von Informationen nach den allgemeinen Gesetzen bleiben hiervon unber\u00fchrt. Eine diesbez\u00fcgliche Haftung ist jedoch grunds\u00e4tzlich erst ab dem Zeitpunkt der Kenntnis einer konkreten Rechtsverletzung m\u00f6glich. Bei Bekanntwerden von entsprechenden Rechtsverletzungen werden wir diese Inhalte umgehend entfernen.<\/p>\n<p><strong>Haftung f\u00fcr Links<\/strong><br \/>Unser Angebot enth\u00e4lt Links zu externen Websites Dritter, auf deren Inhalte wir keinen Einfluss haben. Deshalb k\u00f6nnen wir f\u00fcr diese fremden Inhalte auch keine Gew\u00e4hrleistung \u00fcbernehmen. F\u00fcr die Inhalte der verlinkten Seiten ist stets der jeweilige Anbieter oder Betreiber der Seiten verantwortlich. Die verlinkten Seiten wurden zum Zeitpunkt der Verlinkung auf m\u00f6gliche Rechtsverst\u00f6\u00dfe \u00fcberpr\u00fcft. Rechtswidrige Inhalte waren zum Zeitpunkt der Verlinkung nicht erkennbar.<br \/>Eine permanente inhaltliche Kontrolle der verlinkten Seiten ist jedoch ohne konkrete Anhaltspunkte einer Rechtsverletzung nicht zumutbar. Daher weisen wir daraufhin, dass der Besuch von verlinkten Websites grunds\u00e4tzlich auf eigene Verantwortung geschieht. Bei Bekanntwerden von Rechtsverletzungen werden wir derartige Links umgehend entfernen.<\/p>\n<p><strong>Urheberrecht<\/strong><br \/>Die durch die Seitenbetreiber erstellten Inhalte und Werke auf diesen Seiten unterliegen dem deutschen Urheberrecht. Die Vervielf\u00e4ltigung, Bearbeitung, Verbreitung und jede Art der Verwertung au\u00dferhalb der Grenzen des Urheberrechtes bed\u00fcrfen der schriftlichen Zustimmung des jeweiligen Autors bzw. Erstellers. Downloads und Kopien dieser Seite sind nur f\u00fcr den privaten, nicht kommerziellen Gebrauch gestattet.<br \/>Soweit die Inhalte auf dieser Seite nicht vom Betreiber erstellt wurden, werden die Urheberrechte Dritter beachtet. Insbesondere werden Inhalte Dritter je nach Umfang der erworbenen oder anderweitig gew\u00e4hrten Nutzungsrechte als solche gekennzeichnet. Sollten Sie trotzdem auf eine Urheberrechtsverletzung aufmerksam werden, bitten wir um einen entsprechenden Hinweis. Bei Bekanntwerden von Rechtsverletzungen werden wir derartige Inhalte umgehend entfernen.<\/p>\n<p><strong>Datenschutz<\/strong><br \/>Die Nutzung unserer Seite ist in der Regel ohne Angabe personenbezogener Daten m\u00f6glich. Soweit auf unseren Seiten personenbezogene Daten (beispielsweise, Name, Anschrift oder E-Mail-Adresse oder mithilfe von Cookies erhobene Nutzungsdaten) verarbeitet werden, erfolgt dies grunds\u00e4tzlich stets auf freiwilliger Basis und erst nach Einwilligung. Die personenbezogenen Daten werden nicht ohne Ihre ausdr\u00fcckliche Zustimmung an Dritte weitergegeben. Pabst Data (Pabst Media UG (haftungsbeschr\u00e4nkt)) weist darauf hin, dass die Daten\u00fcbertragung im Internet (z.B. bei der Kommunikation per E-Mail) Sicherheitsl\u00fccken aufweisen kann. Ein l\u00fcckenloser Schutz der Daten vor dem Zugriff durch Dritte ist grunds\u00e4tzlich nicht m\u00f6glich.<br \/>Der Nutzung von im Rahmen der Impressumspflicht ver\u00f6ffentlichten Kontaktdaten durch Dritte zur \u00dcbersendung von nicht ausdr\u00fccklich angeforderter Werbung und Informationsmaterialien wird hiermit ausdr\u00fccklich widersprochen. Die Betreiber der Seiten behalten sich ausdr\u00fccklich rechtliche Schritte im Falle der unverlangten Zusendung von Werbeinformationen, etwa mittels Spam-Mails, vor.<br \/>Weitere Informationen zum Datenschutz finden Sie in unserer Datenschutzerkl\u00e4rung.<\/p>\n<p>[\/et_pb_text][\/et_pb_column][\/et_pb_row][\/et_pb_section]<\/p>","protected":false},"excerpt":{"rendered":"<p>IMPRESSUMAngaben gem\u00e4\u00df \u00a7 5 TMG: Pabst Media GmbHHelgol\u00e4nder Stra\u00dfe, 25746 Heide Kontakt:Telefon: +49 4835 213773-8E-Mail: info@startmybusiness.de Vertretungsberechtigte Gesch\u00e4ftsf\u00fchrerin &amp; Vertretungsberechtigter Gesch\u00e4ftsf\u00fchrer:Marie Christin Pabst &amp; R\u00fcdiger Pabst Sitz: HeideRegistergericht: Amtsgericht Pinneberg, HRB 14570 PIUSt-IdNr.: Umsatzsteuer-Identifikationsnummer gem\u00e4\u00df \u00a7 27a Umsatzsteuergesetz DE: DE328788953 Inhalt:Verantwortlich f\u00fcr den Inhalt nach \u00a7 55 Abs. 2 RStV:R\u00fcdiger Pabst Online-Streitbeilegung gem\u00e4\u00df Art. 14 [&hellip;]<\/p>","protected":false},"author":1,"featured_media":0,"parent":0,"menu_order":0,"comment_status":"closed","ping_status":"closed","template":"","meta":{"_et_pb_use_builder":"on","_et_pb_old_content":"","_et_gb_content_width":"","footnotes":""},"dipi_cpt_category":[],"yoast_head":"<!-- This site is optimized with the Yoast SEO plugin v22.9 - https:\/\/yoast.com\/wordpress\/plugins\/seo\/ -->\n<title>Impressum - Startmybusiness. Die Plattform f\u00fcr Gr\u00fcnder &amp; Investoren.<\/title>\n<meta name=\"robots\" content=\"index, follow, max-snippet:-1, max-image-preview:large, max-video-preview:-1\" \/>\n<link rel=\"canonical\" href=\"https:\/\/startmybusiness.de\/en\/impressum\/\" \/>\n<meta property=\"og:locale\" content=\"en_US\" \/>\n<meta property=\"og:type\" content=\"article\" \/>\n<meta property=\"og:title\" content=\"Impressum - Startmybusiness. Die Plattform f\u00fcr Gr\u00fcnder &amp; Investoren.\" \/>\n<meta property=\"og:description\" content=\"Lorem ipsum dolor amet tetur elit eiusmod.VIEW MORELorem ipsum dolor amet tetur elit eiusmod.VIEW MORELorem ipsum dolor amet tetur elit eiusmod.VIEW MORELorem ipsum dolor amet tetur elit eiusmod.VIEW MORE\" \/>\n<meta property=\"og:url\" content=\"https:\/\/startmybusiness.de\/en\/impressum\/\" \/>\n<meta property=\"og:site_name\" content=\"Startmybusiness. Die Plattform f\u00fcr Gr\u00fcnder &amp; Investoren.\" \/>\n<meta property=\"article:modified_time\" content=\"2022-07-05T05:55:09+00:00\" \/>\n<meta name=\"twitter:card\" content=\"summary_large_image\" \/>\n<meta name=\"twitter:label1\" content=\"Est. reading time\" \/>\n\t<meta name=\"twitter:data1\" content=\"4 minutes\" \/>\n<script type=\"application\/ld+json\" class=\"yoast-schema-graph\">{\"@context\":\"https:\/\/schema.org\",\"@graph\":[{\"@type\":\"WebPage\",\"@id\":\"https:\/\/startmybusiness.de\/impressum\/\",\"url\":\"https:\/\/startmybusiness.de\/impressum\/\",\"name\":\"Impressum - Startmybusiness. Die Plattform f\u00fcr Gr\u00fcnder & Investoren.\",\"isPartOf\":{\"@id\":\"https:\/\/startmybusiness.de\/#website\"},\"datePublished\":\"2020-10-15T20:03:50+00:00\",\"dateModified\":\"2022-07-05T05:55:09+00:00\",\"breadcrumb\":{\"@id\":\"https:\/\/startmybusiness.de\/impressum\/#breadcrumb\"},\"inLanguage\":\"en-US\",\"potentialAction\":[{\"@type\":\"ReadAction\",\"target\":[\"https:\/\/startmybusiness.de\/impressum\/\"]}]},{\"@type\":\"BreadcrumbList\",\"@id\":\"https:\/\/startmybusiness.de\/impressum\/#breadcrumb\",\"itemListElement\":[{\"@type\":\"ListItem\",\"position\":1,\"name\":\"Startseite\",\"item\":\"https:\/\/startmybusiness.de\/\"},{\"@type\":\"ListItem\",\"position\":2,\"name\":\"Impressum\"}]},{\"@type\":\"WebSite\",\"@id\":\"https:\/\/startmybusiness.de\/#website\",\"url\":\"https:\/\/startmybusiness.de\/\",\"name\":\"Startmybusiness. Die Plattform f\u00fcr Gr\u00fcnder & Investoren.\",\"description\":\"Startmybusiness. Die Plattform f&uuml;r Gr&uuml;nder &amp; Investoren.\",\"potentialAction\":[{\"@type\":\"SearchAction\",\"target\":{\"@type\":\"EntryPoint\",\"urlTemplate\":\"https:\/\/startmybusiness.de\/?s={search_term_string}\"},\"query-input\":\"required name=search_term_string\"}],\"inLanguage\":\"en-US\"}]}<\/script>\n<!-- \/ Yoast SEO plugin. -->","yoast_head_json":{"title":"Impressum - Startmybusiness. Die Plattform f\u00fcr Gr\u00fcnder & Investoren.","robots":{"index":"index","follow":"follow","max-snippet":"max-snippet:-1","max-image-preview":"max-image-preview:large","max-video-preview":"max-video-preview:-1"},"canonical":"https:\/\/startmybusiness.de\/en\/impressum\/","og_locale":"en_US","og_type":"article","og_title":"Impressum - Startmybusiness. Die Plattform f\u00fcr Gr\u00fcnder & Investoren.","og_description":"Lorem ipsum dolor amet tetur elit eiusmod.VIEW MORELorem ipsum dolor amet tetur elit eiusmod.VIEW MORELorem ipsum dolor amet tetur elit eiusmod.VIEW MORELorem ipsum dolor amet tetur elit eiusmod.VIEW MORE","og_url":"https:\/\/startmybusiness.de\/en\/impressum\/","og_site_name":"Startmybusiness. Die Plattform f\u00fcr Gr\u00fcnder & Investoren.","article_modified_time":"2022-07-05T05:55:09+00:00","twitter_card":"summary_large_image","twitter_misc":{"Est. reading time":"4 minutes"},"schema":{"@context":"https:\/\/schema.org","@graph":[{"@type":"WebPage","@id":"https:\/\/startmybusiness.de\/impressum\/","url":"https:\/\/startmybusiness.de\/impressum\/","name":"Impressum - Startmybusiness. Die Plattform f\u00fcr Gr\u00fcnder & Investoren.","isPartOf":{"@id":"https:\/\/startmybusiness.de\/#website"},"datePublished":"2020-10-15T20:03:50+00:00","dateModified":"2022-07-05T05:55:09+00:00","breadcrumb":{"@id":"https:\/\/startmybusiness.de\/impressum\/#breadcrumb"},"inLanguage":"en-US","potentialAction":[{"@type":"ReadAction","target":["https:\/\/startmybusiness.de\/impressum\/"]}]},{"@type":"BreadcrumbList","@id":"https:\/\/startmybusiness.de\/impressum\/#breadcrumb","itemListElement":[{"@type":"ListItem","position":1,"name":"Startseite","item":"https:\/\/startmybusiness.de\/"},{"@type":"ListItem","position":2,"name":"Impressum"}]},{"@type":"WebSite","@id":"https:\/\/startmybusiness.de\/#website","url":"https:\/\/startmybusiness.de\/","name":"Startmybusiness. Die Plattform f\u00fcr Gr\u00fcnder & Investoren.","description":"Startmybusiness. Die Plattform f&uuml;r Gr&uuml;nder &amp; Investoren.","potentialAction":[{"@type":"SearchAction","target":{"@type":"EntryPoint","urlTemplate":"https:\/\/startmybusiness.de\/?s={search_term_string}"},"query-input":"required name=search_term_string"}],"inLanguage":"en-US"}]}},"_links":{"self":[{"href":"https:\/\/startmybusiness.de\/en\/wp-json\/wp\/v2\/pages\/50706"}],"collection":[{"href":"https:\/\/startmybusiness.de\/en\/wp-json\/wp\/v2\/pages"}],"about":[{"href":"https:\/\/startmybusiness.de\/en\/wp-json\/wp\/v2\/types\/page"}],"author":[{"embeddable":true,"href":"https:\/\/startmybusiness.de\/en\/wp-json\/wp\/v2\/users\/1"}],"replies":[{"embeddable":true,"href":"https:\/\/startmybusiness.de\/en\/wp-json\/wp\/v2\/comments?post=50706"}],"version-history":[{"count":0,"href":"https:\/\/startmybusiness.de\/en\/wp-json\/wp\/v2\/pages\/50706\/revisions"}],"wp:attachment":[{"href":"https:\/\/startmybusiness.de\/en\/wp-json\/wp\/v2\/media?parent=50706"}],"wp:term":[{"taxonomy":"dipi_cpt_category","embeddable":true,"href":"https:\/\/startmybusiness.de\/en\/wp-json\/wp\/v2\/dipi_cpt_category?post=50706"}],"curies":[{"name":"wp","href":"https:\/\/api.w.org\/{rel}","templated":true}]}}